{"id":39,"date":"2023-08-16T11:15:16","date_gmt":"2023-08-16T11:15:16","guid":{"rendered":"https:\/\/aesmorgadenegreira.es\/?page_id=39"},"modified":"2025-06-10T10:51:41","modified_gmt":"2025-06-10T10:51:41","slug":"contacto","status":"publish","type":"page","link":"https:\/\/aesmorgadenegreira.es\/gl\/contacto\/","title":{"rendered":"Contacto"},"content":{"rendered":"<div data-elementor-type=\"wp-page\" data-elementor-id=\"39\" class=\"elementor elementor-39\">\n\t\t\t\t\t\t<section class=\"elementor-section elementor-top-section elementor-element elementor-element-767e33e elementor-section-boxed elementor-section-height-default elementor-section-height-default\" data-id=\"767e33e\" data-element_type=\"section\">\n\t\t\t\t\t\t<div class=\"elementor-container elementor-column-gap-default\">\n\t\t\t\t\t<div class=\"elementor-column elementor-col-100 elementor-top-column elementor-element elementor-element-4480687\" data-id=\"4480687\" data-element_type=\"column\">\n\t\t\t<div class=\"elementor-widget-wrap elementor-element-populated\">\n\t\t\t\t\t\t<div class=\"elementor-element elementor-element-e3b7836 elementor-widget elementor-widget-video\" data-id=\"e3b7836\" data-element_type=\"widget\" data-settings=\"{&quot;video_type&quot;:&quot;hosted&quot;,&quot;autoplay&quot;:&quot;yes&quot;,&quot;controls&quot;:&quot;yes&quot;}\" data-widget_type=\"video.default\">\n\t\t\t\t<div class=\"elementor-widget-container\">\n\t\t\t\t\t\t\t<div class=\"e-hosted-video elementor-wrapper elementor-open-inline\">\n\t\t\t\t\t<video class=\"elementor-video\" src=\"https:\/\/aesmorgadenegreira.es\/wp-content\/uploads\/2025\/06\/brasa.mp4\" autoplay=\"\" controls=\"\" controlslist=\"nodownload\"><\/video>\n\t\t\t\t<\/div>\n\t\t\t\t\t\t<\/div>\n\t\t\t\t<\/div>\n\t\t\t\t\t<\/div>\n\t\t<\/div>\n\t\t\t\t\t<\/div>\n\t\t<\/section>\n\t\t\t\t<section class=\"elementor-section elementor-top-section elementor-element elementor-element-aef3fc4 elementor-section-height-min-height elementor-section-items-top elementor-section-boxed elementor-section-height-default\" data-id=\"aef3fc4\" data-element_type=\"section\">\n\t\t\t\t\t\t<div class=\"elementor-container elementor-column-gap-default\">\n\t\t\t\t\t<div class=\"elementor-column elementor-col-25 elementor-top-column elementor-element elementor-element-3339aaa\" data-id=\"3339aaa\" data-element_type=\"column\">\n\t\t\t<div class=\"elementor-widget-wrap elementor-element-populated\">\n\t\t\t\t\t\t<div class=\"elementor-element elementor-element-8dc14c0 elementor-widget elementor-widget-heading\" data-id=\"8dc14c0\" data-element_type=\"widget\" data-widget_type=\"heading.default\">\n\t\t\t\t<div class=\"elementor-widget-container\">\n\t\t\t\t\t<h4 class=\"elementor-heading-title elementor-size-default\">Horario local<\/h4>\t\t\t\t<\/div>\n\t\t\t\t<\/div>\n\t\t\t\t<div class=\"elementor-element elementor-element-c68384f elementor-widget elementor-widget-text-editor\" data-id=\"c68384f\" data-element_type=\"widget\" data-widget_type=\"text-editor.default\">\n\t\t\t\t<div class=\"elementor-widget-container\">\n\t\t\t\t\t\t\t\t\t<p><strong>XOVES\u00a0<\/strong><span style=\"color: var( --e-global-color-text ); font-family: var( --e-global-typography-text-font-family ), Sans-serif; font-weight: var( --e-global-typography-text-font-weight ); font-size: 1rem;\"><strong>\u2013 MARTES\u00a0<\/strong><\/span><\/p><p><span style=\"color: var( --e-global-color-text ); font-family: var( --e-global-typography-text-font-family ), Sans-serif; font-weight: var( --e-global-typography-text-font-weight ); font-size: 1rem;\">\u00a012:00 &#8211; 16:00<\/span><\/p><p>\u00a019:30 &#8211; 23:30<\/p><p><span style=\"color: var( --e-global-color-text ); font-family: var( --e-global-typography-text-font-family ), Sans-serif; font-weight: var( --e-global-typography-text-font-weight ); font-size: 1rem;\"><strong>M\u00c9RCORES<\/strong><\/span><\/p><p><span style=\"color: var( --e-global-color-text ); font-family: var( --e-global-typography-text-font-family ), Sans-serif; font-weight: var( --e-global-typography-text-font-weight ); font-size: 1rem;\">Pechado<\/span><\/p>\t\t\t\t\t\t\t\t<\/div>\n\t\t\t\t<\/div>\n\t\t\t\t\t<\/div>\n\t\t<\/div>\n\t\t\t\t<div class=\"elementor-column elementor-col-25 elementor-top-column elementor-element elementor-element-5eb0ef6\" data-id=\"5eb0ef6\" data-element_type=\"column\">\n\t\t\t<div class=\"elementor-widget-wrap elementor-element-populated\">\n\t\t\t\t\t\t<div class=\"elementor-element elementor-element-86b6bbe elementor-widget elementor-widget-heading\" data-id=\"86b6bbe\" data-element_type=\"widget\" data-widget_type=\"heading.default\">\n\t\t\t\t<div class=\"elementor-widget-container\">\n\t\t\t\t\t<h4 class=\"elementor-heading-title elementor-size-default\">Servicio a domicilio<\/h4>\t\t\t\t<\/div>\n\t\t\t\t<\/div>\n\t\t\t\t<div class=\"elementor-element elementor-element-9f9abc8 elementor-widget elementor-widget-text-editor\" data-id=\"9f9abc8\" data-element_type=\"widget\" data-widget_type=\"text-editor.default\">\n\t\t\t\t<div class=\"elementor-widget-container\">\n\t\t\t\t\t\t\t\t\t<p><strong>XOVES&nbsp;<\/strong><span style=\"color: var( --e-global-color-text ); font-family: var( --e-global-typography-text-font-family ), Sans-serif; font-weight: var( --e-global-typography-text-font-weight ); font-size: 1rem;\"><strong>\u2013 MARTES&nbsp;<\/strong><\/span><\/p>\n<p><span style=\"color: var( --e-global-color-text ); font-family: var( --e-global-typography-text-font-family ), Sans-serif; font-weight: var( --e-global-typography-text-font-weight ); font-size: 1rem;\">&nbsp;14:00 &#8211; 15:30<\/span><\/p>\n<p>&nbsp;21:00 &#8211; 22:30<\/p>\n<p><span style=\"color: var( --e-global-color-text ); font-family: var( --e-global-typography-text-font-family ), Sans-serif; font-weight: var( --e-global-typography-text-font-weight ); font-size: 1rem;\"><strong>M\u00c9RCORES<\/strong><\/span><\/p>\n<p><span style=\"color: var( --e-global-color-text ); font-family: var( --e-global-typography-text-font-family ), Sans-serif; font-weight: var( --e-global-typography-text-font-weight ); font-size: 1rem;\">Pechado<\/span><\/p>\t\t\t\t\t\t\t\t<\/div>\n\t\t\t\t<\/div>\n\t\t\t\t\t<\/div>\n\t\t<\/div>\n\t\t\t\t<div class=\"elementor-column elementor-col-25 elementor-top-column elementor-element elementor-element-58ef776\" data-id=\"58ef776\" data-element_type=\"column\" data-settings=\"{&quot;background_background&quot;:&quot;classic&quot;}\">\n\t\t\t<div class=\"elementor-widget-wrap elementor-element-populated\">\n\t\t\t\t\t\t<div class=\"elementor-element elementor-element-fafcd79 elementor-widget elementor-widget-heading\" data-id=\"fafcd79\" data-element_type=\"widget\" data-widget_type=\"heading.default\">\n\t\t\t\t<div class=\"elementor-widget-container\">\n\t\t\t\t\t<h4 class=\"elementor-heading-title elementor-size-default\">Enderezo<\/h4>\t\t\t\t<\/div>\n\t\t\t\t<\/div>\n\t\t\t\t<div class=\"elementor-element elementor-element-69d42d0 elementor-widget elementor-widget-text-editor\" data-id=\"69d42d0\" data-element_type=\"widget\" data-widget_type=\"text-editor.default\">\n\t\t\t\t<div class=\"elementor-widget-container\">\n\t\t\t\t\t\t\t\t\t<p>Avenida de Santiago 31<\/p><p>15830 Negreira<\/p><p>A Coru\u00f1a (Espa\u00f1a)<\/p>\t\t\t\t\t\t\t\t<\/div>\n\t\t\t\t<\/div>\n\t\t\t\t<div class=\"elementor-element elementor-element-e98a5a4 elementor-align-center elementor-widget elementor-widget-button\" data-id=\"e98a5a4\" data-element_type=\"widget\" data-widget_type=\"button.default\">\n\t\t\t\t<div class=\"elementor-widget-container\">\n\t\t\t\t\t\t\t\t\t<div class=\"elementor-button-wrapper\">\n\t\t\t\t\t<a class=\"elementor-button elementor-button-link elementor-size-xs elementor-animation-shrink\" href=\"https:\/\/maps.app.goo.gl\/esyEPe8kDBwPTvCx7\">\n\t\t\t\t\t\t<span class=\"elementor-button-content-wrapper\">\n\t\t\t\t\t\t<span class=\"elementor-button-icon\">\n\t\t\t\t<i aria-hidden=\"true\" class=\"fas fa-map-marker-alt\"><\/i>\t\t\t<\/span>\n\t\t\t\t\t\t\t\t\t<span class=\"elementor-button-text\">Como chegar<\/span>\n\t\t\t\t\t<\/span>\n\t\t\t\t\t<\/a>\n\t\t\t\t<\/div>\n\t\t\t\t\t\t\t\t<\/div>\n\t\t\t\t<\/div>\n\t\t\t\t\t<\/div>\n\t\t<\/div>\n\t\t\t\t<div class=\"elementor-column elementor-col-25 elementor-top-column elementor-element elementor-element-b5c4a5b\" data-id=\"b5c4a5b\" data-element_type=\"column\" data-settings=\"{&quot;background_background&quot;:&quot;classic&quot;}\">\n\t\t\t<div class=\"elementor-widget-wrap elementor-element-populated\">\n\t\t\t\t\t\t<div class=\"elementor-element elementor-element-572a47e elementor-widget elementor-widget-heading\" data-id=\"572a47e\" data-element_type=\"widget\" data-widget_type=\"heading.default\">\n\t\t\t\t<div class=\"elementor-widget-container\">\n\t\t\t\t\t<h4 class=\"elementor-heading-title elementor-size-default\">Contacto<\/h4>\t\t\t\t<\/div>\n\t\t\t\t<\/div>\n\t\t\t\t<div class=\"elementor-element elementor-element-306bf52 elementor-align-center elementor-widget elementor-widget-button\" data-id=\"306bf52\" data-element_type=\"widget\" data-widget_type=\"button.default\">\n\t\t\t\t<div class=\"elementor-widget-container\">\n\t\t\t\t\t\t\t\t\t<div class=\"elementor-button-wrapper\">\n\t\t\t\t\t<a class=\"elementor-button elementor-button-link elementor-size-xs elementor-animation-shrink\" href=\"tel:+34981936664\">\n\t\t\t\t\t\t<span class=\"elementor-button-content-wrapper\">\n\t\t\t\t\t\t<span class=\"elementor-button-icon\">\n\t\t\t\t<i aria-hidden=\"true\" class=\"fas fa-phone\"><\/i>\t\t\t<\/span>\n\t\t\t\t\t\t\t\t\t<span class=\"elementor-button-text\">981 93 66 64<\/span>\n\t\t\t\t\t<\/span>\n\t\t\t\t\t<\/a>\n\t\t\t\t<\/div>\n\t\t\t\t\t\t\t\t<\/div>\n\t\t\t\t<\/div>\n\t\t\t\t\t<\/div>\n\t\t<\/div>\n\t\t\t\t\t<\/div>\n\t\t<\/section>\n\t\t\t\t<section class=\"elementor-section elementor-top-section elementor-element elementor-element-40aa238 elementor-section-boxed elementor-section-height-default elementor-section-height-default\" data-id=\"40aa238\" data-element_type=\"section\">\n\t\t\t\t\t\t<div class=\"elementor-container elementor-column-gap-default\">\n\t\t\t\t\t<div class=\"elementor-column elementor-col-100 elementor-top-column elementor-element elementor-element-58c19e1\" data-id=\"58c19e1\" data-element_type=\"column\">\n\t\t\t<div class=\"elementor-widget-wrap\">\n\t\t\t\t\t\t\t<\/div>\n\t\t<\/div>\n\t\t\t\t\t<\/div>\n\t\t<\/section>\n\t\t\t\t<section class=\"elementor-section elementor-top-section elementor-element elementor-element-9758fe0 elementor-section-boxed elementor-section-height-default elementor-section-height-default\" data-id=\"9758fe0\" data-element_type=\"section\">\n\t\t\t\t\t\t<div class=\"elementor-container elementor-column-gap-default\">\n\t\t\t\t\t<div class=\"elementor-column elementor-col-100 elementor-top-column elementor-element elementor-element-71adef9\" data-id=\"71adef9\" data-element_type=\"column\">\n\t\t\t<div class=\"elementor-widget-wrap elementor-element-populated\">\n\t\t\t\t\t\t<div class=\"elementor-element elementor-element-18915fa elementor-widget elementor-widget-google_maps\" data-id=\"18915fa\" data-element_type=\"widget\" data-widget_type=\"google_maps.default\">\n\t\t\t\t<div class=\"elementor-widget-container\">\n\t\t\t\t\t\t\t<div class=\"elementor-custom-embed\">\n\t\t\t<iframe loading=\"lazy\"\n\t\t\t\t\tsrc=\"https:\/\/maps.google.com\/maps?q=A%20Esmorga%20Negreira&#038;t=m&#038;z=18&#038;output=embed&#038;iwloc=near\"\n\t\t\t\t\ttitle=\"A Esmorga Negreira\"\n\t\t\t\t\taria-label=\"A Esmorga Negreira\"\n\t\t\t><\/iframe>\n\t\t<\/div>\n\t\t\t\t\t\t<\/div>\n\t\t\t\t<\/div>\n\t\t\t\t\t<\/div>\n\t\t<\/div>\n\t\t\t\t\t<\/div>\n\t\t<\/section>\n\t\t\t\t<section class=\"elementor-section elementor-top-section elementor-element elementor-element-3e08051f elementor-section-height-min-height elementor-section-content-middle elementor-section-boxed elementor-section-height-default elementor-section-items-middle\" data-id=\"3e08051f\" data-element_type=\"section\" data-settings=\"{&quot;background_background&quot;:&quot;classic&quot;}\">\n\t\t\t\t\t\t<div class=\"elementor-container elementor-column-gap-default\">\n\t\t\t\t\t<div class=\"elementor-column elementor-col-25 elementor-top-column elementor-element elementor-element-71c52388\" data-id=\"71c52388\" data-element_type=\"column\">\n\t\t\t<div class=\"elementor-widget-wrap elementor-element-populated\">\n\t\t\t\t\t\t<div class=\"elementor-element elementor-element-1f43d6d5 elementor-widget elementor-widget-image\" data-id=\"1f43d6d5\" data-element_type=\"widget\" data-widget_type=\"image.default\">\n\t\t\t\t<div class=\"elementor-widget-container\">\n\t\t\t\t\t\t\t\t\t\t\t\t\t\t\t<img fetchpriority=\"high\" decoding=\"async\" width=\"2560\" height=\"669\" src=\"https:\/\/aesmorgadenegreira.es\/wp-content\/uploads\/2023\/08\/ES_Financiado_por_la_Union_Europea_RGB_BLACK_Outline-scaled.png\" class=\"attachment-full size-full wp-image-848\" alt=\"\" srcset=\"https:\/\/aesmorgadenegreira.es\/wp-content\/uploads\/2023\/08\/ES_Financiado_por_la_Union_Europea_RGB_BLACK_Outline-scaled.png 2560w, https:\/\/aesmorgadenegreira.es\/wp-content\/uploads\/2023\/08\/ES_Financiado_por_la_Union_Europea_RGB_BLACK_Outline-300x78.png 300w, https:\/\/aesmorgadenegreira.es\/wp-content\/uploads\/2023\/08\/ES_Financiado_por_la_Union_Europea_RGB_BLACK_Outline-1024x268.png 1024w, https:\/\/aesmorgadenegreira.es\/wp-content\/uploads\/2023\/08\/ES_Financiado_por_la_Union_Europea_RGB_BLACK_Outline-768x201.png 768w, https:\/\/aesmorgadenegreira.es\/wp-content\/uploads\/2023\/08\/ES_Financiado_por_la_Union_Europea_RGB_BLACK_Outline-1536x402.png 1536w, https:\/\/aesmorgadenegreira.es\/wp-content\/uploads\/2023\/08\/ES_Financiado_por_la_Union_Europea_RGB_BLACK_Outline-2048x536.png 2048w, https:\/\/aesmorgadenegreira.es\/wp-content\/uploads\/2023\/08\/ES_Financiado_por_la_Union_Europea_RGB_BLACK_Outline-18x5.png 18w\" sizes=\"(max-width: 2560px) 100vw, 2560px\" \/>\t\t\t\t\t\t\t\t\t\t\t\t\t\t\t<\/div>\n\t\t\t\t<\/div>\n\t\t\t\t\t<\/div>\n\t\t<\/div>\n\t\t\t\t<div class=\"elementor-column elementor-col-25 elementor-top-column elementor-element elementor-element-15d4a756\" data-id=\"15d4a756\" data-element_type=\"column\">\n\t\t\t<div class=\"elementor-widget-wrap elementor-element-populated\">\n\t\t\t\t\t\t<div class=\"elementor-element elementor-element-7c6e0cc0 elementor-widget elementor-widget-image\" data-id=\"7c6e0cc0\" data-element_type=\"widget\" data-widget_type=\"image.default\">\n\t\t\t\t<div class=\"elementor-widget-container\">\n\t\t\t\t\t\t\t\t\t\t\t\t\t\t\t<img decoding=\"async\" width=\"300\" height=\"169\" src=\"https:\/\/aesmorgadenegreira.es\/wp-content\/uploads\/2023\/08\/LOGOPOSITIVO-300x169.png\" class=\"attachment-medium size-medium wp-image-846\" alt=\"\" srcset=\"https:\/\/aesmorgadenegreira.es\/wp-content\/uploads\/2023\/08\/LOGOPOSITIVO-300x169.png 300w, https:\/\/aesmorgadenegreira.es\/wp-content\/uploads\/2023\/08\/LOGOPOSITIVO-1024x576.png 1024w, https:\/\/aesmorgadenegreira.es\/wp-content\/uploads\/2023\/08\/LOGOPOSITIVO-768x432.png 768w, https:\/\/aesmorgadenegreira.es\/wp-content\/uploads\/2023\/08\/LOGOPOSITIVO-1536x864.png 1536w, https:\/\/aesmorgadenegreira.es\/wp-content\/uploads\/2023\/08\/LOGOPOSITIVO-18x10.png 18w, https:\/\/aesmorgadenegreira.es\/wp-content\/uploads\/2023\/08\/LOGOPOSITIVO.png 1920w\" sizes=\"(max-width: 300px) 100vw, 300px\" \/>\t\t\t\t\t\t\t\t\t\t\t\t\t\t\t<\/div>\n\t\t\t\t<\/div>\n\t\t\t\t\t<\/div>\n\t\t<\/div>\n\t\t\t\t<div class=\"elementor-column elementor-col-50 elementor-top-column elementor-element elementor-element-485ab981\" data-id=\"485ab981\" data-element_type=\"column\">\n\t\t\t<div class=\"elementor-widget-wrap elementor-element-populated\">\n\t\t\t\t\t\t<div class=\"elementor-element elementor-element-3b685d8b elementor-widget elementor-widget-text-editor\" data-id=\"3b685d8b\" data-element_type=\"widget\" data-widget_type=\"text-editor.default\">\n\t\t\t\t<div class=\"elementor-widget-container\">\n\t\t\t\t\t\t\t\t\t<p>Financiado por la Uni\u00f3n Europea \u2013 Next Generation EU.<br \/>Sin embargo los puntos de vista y las opiniones son \u00fanicamente los del autor o autores y no reflejan necesariamente los de la Uni\u00f3n Europea o la Comisi\u00f3n Europea. Ni la Uni\u00f3n Europea ni la Comisi\u00f3n Europea pueden ser consideradas responsables de las mismas.<\/p>\t\t\t\t\t\t\t\t<\/div>\n\t\t\t\t<\/div>\n\t\t\t\t\t<\/div>\n\t\t<\/div>\n\t\t\t\t\t<\/div>\n\t\t<\/section>\n\t\t\t\t<\/div>","protected":false},"excerpt":{"rendered":"<p>https:\/\/aesmorgadenegreira.es\/wp-content\/uploads\/2025\/06\/brasa.mp4 Horario Local JUEVES\u00a0&#8211; MARTES\u00a0 \u00a012:00 &#8211; 16:00 \u00a019:30 &#8211; 23:30 MI\u00c9RCOLES Cerrado Servicio a domicilio JUEVES&nbsp;&#8211; MARTES&nbsp; &nbsp;14:00 &#8211; 15:30 &nbsp;21:00 &#8211; 22:30 MI\u00c9RCOLES Cerrado Direcci\u00f3n Avenida de Santiago 31 15830 Negreira A Coru\u00f1a (Espa\u00f1a) Como llegar Contacto 981 93 66 64 Financiado por la Uni\u00f3n Europea \u2013 Next Generation EU.Sin embargo los puntos [&hellip;]<\/p>","protected":false},"author":1,"featured_media":841,"parent":0,"menu_order":0,"comment_status":"closed","ping_status":"closed","template":"","meta":{"_ti_tpc_template_sync":false,"_ti_tpc_template_id":"","footnotes":""},"class_list":["post-39","page","type-page","status-publish","has-post-thumbnail","hentry"],"yoast_head":"<!-- This site is optimized with the Yoast SEO plugin v25.2 - https:\/\/yoast.com\/wordpress\/plugins\/seo\/ -->\n<title>Contacto - A Esmorga de Negreira<\/title>\n<meta name=\"description\" content=\"Tu restaurante en Negreira, disfruta de raciones, productos a la brasa y un sinf\u00edn de platos caseros con producto gallego y de alta calidad.\" \/>\n<meta name=\"robots\" content=\"index, follow, max-snippet:-1, max-image-preview:large, max-video-preview:-1\" \/>\n<link rel=\"canonical\" href=\"https:\/\/aesmorgadenegreira.es\/gl\/contacto\/\" \/>\n<meta property=\"og:locale\" content=\"gl_ES\" \/>\n<meta property=\"og:type\" content=\"article\" \/>\n<meta property=\"og:title\" content=\"Contacto - A Esmorga de Negreira\" \/>\n<meta property=\"og:description\" content=\"Tu restaurante en Negreira, disfruta de raciones, productos a la brasa y un sinf\u00edn de platos caseros con producto gallego y de alta calidad.\" \/>\n<meta property=\"og:url\" content=\"https:\/\/aesmorgadenegreira.es\/gl\/contacto\/\" \/>\n<meta property=\"og:site_name\" content=\"A Esmorga de Negreira\" \/>\n<meta property=\"article:publisher\" content=\"https:\/\/www.facebook.com\/Asador.A.de.Toto\" \/>\n<meta property=\"article:modified_time\" content=\"2025-06-10T10:51:41+00:00\" \/>\n<meta property=\"og:image\" content=\"https:\/\/aesmorgadenegreira.es\/wp-content\/uploads\/2025\/06\/logo-1-e1749030259607.jpg\" \/>\n\t<meta property=\"og:image:width\" content=\"500\" \/>\n\t<meta property=\"og:image:height\" content=\"498\" \/>\n\t<meta property=\"og:image:type\" content=\"image\/jpeg\" \/>\n<meta name=\"twitter:card\" content=\"summary_large_image\" \/>\n<meta name=\"twitter:label1\" content=\"Tempo de lectura\" \/>\n\t<meta name=\"twitter:data1\" content=\"1 minuto\" \/>\n<script type=\"application\/ld+json\" class=\"yoast-schema-graph\">{\"@context\":\"https:\/\/schema.org\",\"@graph\":[{\"@type\":\"WebPage\",\"@id\":\"https:\/\/aesmorgadenegreira.es\/contacto\/\",\"url\":\"https:\/\/aesmorgadenegreira.es\/contacto\/\",\"name\":\"Contacto - A Esmorga de Negreira\",\"isPartOf\":{\"@id\":\"https:\/\/aesmorgadenegreira.es\/#website\"},\"primaryImageOfPage\":{\"@id\":\"https:\/\/aesmorgadenegreira.es\/contacto\/#primaryimage\"},\"image\":{\"@id\":\"https:\/\/aesmorgadenegreira.es\/contacto\/#primaryimage\"},\"thumbnailUrl\":\"https:\/\/aesmorgadenegreira.es\/wp-content\/uploads\/2025\/06\/logo-1-e1749030259607.jpg\",\"datePublished\":\"2023-08-16T11:15:16+00:00\",\"dateModified\":\"2025-06-10T10:51:41+00:00\",\"description\":\"Tu restaurante en Negreira, disfruta de raciones, productos a la brasa y un sinf\u00edn de platos caseros con producto gallego y de alta calidad.\",\"breadcrumb\":{\"@id\":\"https:\/\/aesmorgadenegreira.es\/contacto\/#breadcrumb\"},\"inLanguage\":\"gl-ES\",\"potentialAction\":[{\"@type\":\"ReadAction\",\"target\":[\"https:\/\/aesmorgadenegreira.es\/contacto\/\"]}]},{\"@type\":\"ImageObject\",\"inLanguage\":\"gl-ES\",\"@id\":\"https:\/\/aesmorgadenegreira.es\/contacto\/#primaryimage\",\"url\":\"https:\/\/aesmorgadenegreira.es\/wp-content\/uploads\/2025\/06\/logo-1-e1749030259607.jpg\",\"contentUrl\":\"https:\/\/aesmorgadenegreira.es\/wp-content\/uploads\/2025\/06\/logo-1-e1749030259607.jpg\",\"width\":500,\"height\":498},{\"@type\":\"BreadcrumbList\",\"@id\":\"https:\/\/aesmorgadenegreira.es\/contacto\/#breadcrumb\",\"itemListElement\":[{\"@type\":\"ListItem\",\"position\":1,\"name\":\"Portada\",\"item\":\"https:\/\/aesmorgadenegreira.es\/\"},{\"@type\":\"ListItem\",\"position\":2,\"name\":\"Contacto\"}]},{\"@type\":\"WebSite\",\"@id\":\"https:\/\/aesmorgadenegreira.es\/#website\",\"url\":\"https:\/\/aesmorgadenegreira.es\/\",\"name\":\"A Esmorga de Negreira\",\"description\":\"A Esmorga de Negreira\",\"publisher\":{\"@id\":\"https:\/\/aesmorgadenegreira.es\/#organization\"},\"potentialAction\":[{\"@type\":\"SearchAction\",\"target\":{\"@type\":\"EntryPoint\",\"urlTemplate\":\"https:\/\/aesmorgadenegreira.es\/?s={search_term_string}\"},\"query-input\":{\"@type\":\"PropertyValueSpecification\",\"valueRequired\":true,\"valueName\":\"search_term_string\"}}],\"inLanguage\":\"gl-ES\"},{\"@type\":\"Organization\",\"@id\":\"https:\/\/aesmorgadenegreira.es\/#organization\",\"name\":\"A Esmorga de Negreira\",\"url\":\"https:\/\/aesmorgadenegreira.es\/\",\"logo\":{\"@type\":\"ImageObject\",\"inLanguage\":\"gl-ES\",\"@id\":\"https:\/\/aesmorgadenegreira.es\/#\/schema\/logo\/image\/\",\"url\":\"https:\/\/aesmorgadenegreira.es\/wp-content\/uploads\/2023\/08\/logo-barqueiro.png\",\"contentUrl\":\"https:\/\/aesmorgadenegreira.es\/wp-content\/uploads\/2023\/08\/logo-barqueiro.png\",\"width\":3508,\"height\":2481,\"caption\":\"A Esmorga de Negreira\"},\"image\":{\"@id\":\"https:\/\/aesmorgadenegreira.es\/#\/schema\/logo\/image\/\"},\"sameAs\":[\"https:\/\/www.facebook.com\/Asador.A.de.Toto\",\"https:\/\/www.instagram.com\/a_detoto\"]}]}<\/script>\n<!-- \/ Yoast SEO plugin. -->","yoast_head_json":{"title":"Contacto - A Esmorga de Negreira","description":"Tu restaurante en Negreira, disfruta de raciones, productos a la brasa y un sinf\u00edn de platos caseros con producto gallego y de alta calidad.","robots":{"index":"index","follow":"follow","max-snippet":"max-snippet:-1","max-image-preview":"max-image-preview:large","max-video-preview":"max-video-preview:-1"},"canonical":"https:\/\/aesmorgadenegreira.es\/gl\/contacto\/","og_locale":"gl_ES","og_type":"article","og_title":"Contacto - A Esmorga de Negreira","og_description":"Tu restaurante en Negreira, disfruta de raciones, productos a la brasa y un sinf\u00edn de platos caseros con producto gallego y de alta calidad.","og_url":"https:\/\/aesmorgadenegreira.es\/gl\/contacto\/","og_site_name":"A Esmorga de Negreira","article_publisher":"https:\/\/www.facebook.com\/Asador.A.de.Toto","article_modified_time":"2025-06-10T10:51:41+00:00","og_image":[{"width":500,"height":498,"url":"https:\/\/aesmorgadenegreira.es\/wp-content\/uploads\/2025\/06\/logo-1-e1749030259607.jpg","type":"image\/jpeg"}],"twitter_card":"summary_large_image","twitter_misc":{"Tempo de lectura":"1 minuto"},"schema":{"@context":"https:\/\/schema.org","@graph":[{"@type":"WebPage","@id":"https:\/\/aesmorgadenegreira.es\/contacto\/","url":"https:\/\/aesmorgadenegreira.es\/contacto\/","name":"Contacto - A Esmorga de Negreira","isPartOf":{"@id":"https:\/\/aesmorgadenegreira.es\/#website"},"primaryImageOfPage":{"@id":"https:\/\/aesmorgadenegreira.es\/contacto\/#primaryimage"},"image":{"@id":"https:\/\/aesmorgadenegreira.es\/contacto\/#primaryimage"},"thumbnailUrl":"https:\/\/aesmorgadenegreira.es\/wp-content\/uploads\/2025\/06\/logo-1-e1749030259607.jpg","datePublished":"2023-08-16T11:15:16+00:00","dateModified":"2025-06-10T10:51:41+00:00","description":"Tu restaurante en Negreira, disfruta de raciones, productos a la brasa y un sinf\u00edn de platos caseros con producto gallego y de alta calidad.","breadcrumb":{"@id":"https:\/\/aesmorgadenegreira.es\/contacto\/#breadcrumb"},"inLanguage":"gl-ES","potentialAction":[{"@type":"ReadAction","target":["https:\/\/aesmorgadenegreira.es\/contacto\/"]}]},{"@type":"ImageObject","inLanguage":"gl-ES","@id":"https:\/\/aesmorgadenegreira.es\/contacto\/#primaryimage","url":"https:\/\/aesmorgadenegreira.es\/wp-content\/uploads\/2025\/06\/logo-1-e1749030259607.jpg","contentUrl":"https:\/\/aesmorgadenegreira.es\/wp-content\/uploads\/2025\/06\/logo-1-e1749030259607.jpg","width":500,"height":498},{"@type":"BreadcrumbList","@id":"https:\/\/aesmorgadenegreira.es\/contacto\/#breadcrumb","itemListElement":[{"@type":"ListItem","position":1,"name":"Portada","item":"https:\/\/aesmorgadenegreira.es\/"},{"@type":"ListItem","position":2,"name":"Contacto"}]},{"@type":"WebSite","@id":"https:\/\/aesmorgadenegreira.es\/#website","url":"https:\/\/aesmorgadenegreira.es\/","name":"A Esmorga de Negreira","description":"A Esmorga de Negreira","publisher":{"@id":"https:\/\/aesmorgadenegreira.es\/#organization"},"potentialAction":[{"@type":"SearchAction","target":{"@type":"EntryPoint","urlTemplate":"https:\/\/aesmorgadenegreira.es\/?s={search_term_string}"},"query-input":{"@type":"PropertyValueSpecification","valueRequired":true,"valueName":"search_term_string"}}],"inLanguage":"gl-ES"},{"@type":"Organization","@id":"https:\/\/aesmorgadenegreira.es\/#organization","name":"A Esmorga de Negreira","url":"https:\/\/aesmorgadenegreira.es\/","logo":{"@type":"ImageObject","inLanguage":"gl-ES","@id":"https:\/\/aesmorgadenegreira.es\/#\/schema\/logo\/image\/","url":"https:\/\/aesmorgadenegreira.es\/wp-content\/uploads\/2023\/08\/logo-barqueiro.png","contentUrl":"https:\/\/aesmorgadenegreira.es\/wp-content\/uploads\/2023\/08\/logo-barqueiro.png","width":3508,"height":2481,"caption":"A Esmorga de Negreira"},"image":{"@id":"https:\/\/aesmorgadenegreira.es\/#\/schema\/logo\/image\/"},"sameAs":["https:\/\/www.facebook.com\/Asador.A.de.Toto","https:\/\/www.instagram.com\/a_detoto"]}]}},"_links":{"self":[{"href":"https:\/\/aesmorgadenegreira.es\/gl\/wp-json\/wp\/v2\/pages\/39","targetHints":{"allow":["GET"]}}],"collection":[{"href":"https:\/\/aesmorgadenegreira.es\/gl\/wp-json\/wp\/v2\/pages"}],"about":[{"href":"https:\/\/aesmorgadenegreira.es\/gl\/wp-json\/wp\/v2\/types\/page"}],"author":[{"embeddable":true,"href":"https:\/\/aesmorgadenegreira.es\/gl\/wp-json\/wp\/v2\/users\/1"}],"replies":[{"embeddable":true,"href":"https:\/\/aesmorgadenegreira.es\/gl\/wp-json\/wp\/v2\/comments?post=39"}],"version-history":[{"count":33,"href":"https:\/\/aesmorgadenegreira.es\/gl\/wp-json\/wp\/v2\/pages\/39\/revisions"}],"predecessor-version":[{"id":944,"href":"https:\/\/aesmorgadenegreira.es\/gl\/wp-json\/wp\/v2\/pages\/39\/revisions\/944"}],"wp:featuredmedia":[{"embeddable":true,"href":"https:\/\/aesmorgadenegreira.es\/gl\/wp-json\/wp\/v2\/media\/841"}],"wp:attachment":[{"href":"https:\/\/aesmorgadenegreira.es\/gl\/wp-json\/wp\/v2\/media?parent=39"}],"curies":[{"name":"wp","href":"https:\/\/api.w.org\/{rel}","templated":true}]}}